{"id":8572,"date":"2021-09-28T14:16:55","date_gmt":"2021-09-28T11:16:55","guid":{"rendered":"https:\/\/www.akdamaryapi.com.tr\/gizlilik-sozlesmesi\/"},"modified":"2023-01-28T14:35:45","modified_gmt":"2023-01-28T11:35:45","slug":"confidentiality-agreement","status":"publish","type":"page","link":"https:\/\/www.akdamaryapi.com.tr\/en\/confidentiality-agreement\/","title":{"rendered":"Confidentiality Agreement"},"content":{"rendered":"<section class=\"wpb-content-wrapper\"><p>[vc_row css=&#8221;.vc_custom_1528700414903{margin-right: 0px !important;margin-bottom: 25px !important;margin-left: 0px !important;border-top-width: 1px !important;border-right-width: 1px !important;border-bottom-width: 1px !important;border-left-width: 1px !important;padding-top: 30px !important;padding-right: 15px !important;padding-bottom: 30px !important;padding-left: 15px !important;background-color: #ffffff !important;border-left-color: #e7e7e7 !important;border-left-style: solid !important;border-right-color: #e7e7e7 !important;border-right-style: solid !important;border-top-color: #e7e7e7 !important;border-top-style: solid !important;border-bottom-color: #e7e7e7 !important;border-bottom-style: solid !important;}&#8221;][vc_column css=&#8221;.vc_custom_1527238251732{padding-top: 0px !important;}&#8221;]\t\t\t<link rel=\"stylesheet\" id=\"wd-section-title-css\" href=\"https:\/\/www.akdamaryapi.com.tr\/wp-content\/themes\/woodmart\/css\/parts\/el-section-title.min.css?ver=7.0.4\" type=\"text\/css\" media=\"all\" \/> \t\t\t\t\t\t<link rel=\"stylesheet\" id=\"wd-mod-highlighted-text-css\" href=\"https:\/\/www.akdamaryapi.com.tr\/wp-content\/themes\/woodmart\/css\/parts\/mod-highlighted-text.min.css?ver=7.0.4\" type=\"text\/css\" media=\"all\" \/> \t\t\t\n\t\t<div id=\"wd-63b3139805eb0\" class=\"title-wrapper wd-wpb set-mb-s reset-last-child  wd-rs-63b3139805eb0 wd-title-color-primary wd-title-style-bordered text-left  wd-underline-colored\">\n\t\t\t\n\t\t\t<div class=\"liner-continer\">\n\t\t\t\t<h3 class=\"woodmart-title-container title  wd-font-weight- wd-fontsize-xl\" >G\u0130ZL\u0130L\u0130K S\u00d6ZLE\u015eMES\u0130<\/h3>\n\t\t\t\t\t\t\t<\/div>\n\t\t\t\n\t\t\t\n\t\t\t\n\t\t<\/div>\n\t\t\n\t\t\t\t\t<link rel=\"stylesheet\" id=\"wd-text-block-css\" href=\"https:\/\/www.akdamaryapi.com.tr\/wp-content\/themes\/woodmart\/css\/parts\/el-text-block.min.css?ver=7.0.4\" type=\"text\/css\" media=\"all\" \/> \t\t\t\t\t<div id=\"wd-63b31234c4d8b\" class=\"wd-text-block wd-wpb reset-last-child wd-rs-63b31234c4d8b text-left wd-fontsize-custom vc_custom_1672680116497\">\n\t\t\t<p><strong>Akdamar Yap\u0131<\/strong> web sitesi ve bu internet sitesinde yer alan i\u00e7erik, g\u00f6rsel ve i\u015fitsel unsurlar ve bunlar\u0131n d\u00fczenlenmeleri \u00fczerindeki her t\u00fcrl\u00fc fikri ve s\u0131nai m\u00fclkiyet hakk\u0131, aksi a\u00e7\u0131k\u00e7a belirtilmedi\u011fi s\u00fcrece <strong>Akdamar Yap\u0131<\/strong>&#8216;ya aittir. Bilgiler, <strong>Akdamar Yap\u0131<\/strong>&#8216;n\u0131n yaz\u0131l\u0131 izni olmaks\u0131z\u0131n da\u011f\u0131t\u0131lamaz, kiralanamaz, \u00e7o\u011falt\u0131lamaz, de\u011fi\u015ftirilemez, ticari bir ama\u00e7la kullan\u0131lamaz. Ancak kaynak g\u00f6sterilerek al\u0131nt\u0131 yap\u0131labilir.<\/p>\n<p><strong>Akdamar Yap\u0131<\/strong>, hi\u00e7bir ko\u015fulda, \u0130\u00e7erikte olabilecek hata veya eksiklikler veya web sitesinde bulunan i\u00e7eri\u011fin kullan\u0131m\u0131ndan kaynaklanabilecek herhangi bir kay\u0131p veya hasar dahil, fakat bunlarla k\u0131s\u0131tl\u0131 olmamak kayd\u0131yla, i\u00e7erikten ve ziyaret\u00e7i taraf\u0131ndan sunulan yanl\u0131\u015f bilgiden sorumlu tutulamaz.<\/p>\n<p><strong>Akdamar Yap\u0131<\/strong> web sitemizde, kendisinin veya \u00fc\u00e7\u00fcnc\u00fc ki\u015filerin hizmetleri hakk\u0131nda reklam ve promosyonlar g\u00f6r\u00fcnt\u00fclenebilir. Web sitemizde <strong>Akdamar Yap\u0131<\/strong>&#8216;ya ait olmayan ve faaliyetleriyle ilgili bulunmayan di\u011fer web sitelerine y\u00f6nlendirme yap\u0131labilir. Ziyaret\u00e7inin bu web sitelerinden herhangi birini ziyaret etmesi halinde \u00fc\u00e7\u00fcnc\u00fc ki\u015filerin kullan\u0131m\u0131nda ve aitli\u011finde olan bu web sitelerinin politika ve uygulamalar\u0131ndan <strong>Akdamar Yap\u0131 <\/strong>sorumlu de\u011fildir.<\/p>\n<p>Bu internet sitesinde verilen bilgiler, \u201coldu\u011fu gibi\u201d, \u201cmevcut oldu\u011fu \u015fekilde\u201d sa\u011flanmaktad\u0131rlar. <strong>Akdamar Yap\u0131<\/strong>, ziyaret\u00e7iye, \u00fc\u00e7\u00fcnc\u00fc ki\u015filer hakk\u0131nda olanlar da dahil web sitesinde yer alan bilgilerle da dahil olarak m\u00fclkiyet, sat\u0131labilirlik, do\u011fruluk, g\u00fcvenilirlik, kesinlik, belirli bir ama\u00e7 i\u00e7in uygunluk ve\/veya bilgisayar vir\u00fcs\u00fc bulunmamas\u0131na ili\u015fkin garantiler dahil ancak bunlarla s\u0131n\u0131rl\u0131 kalmamak kayd\u0131yla, z\u0131mnen, a\u00e7\u0131k\u00e7a ya da yasal olarak hi\u00e7bir garanti vermemektedir.<\/p>\n<p>Bu internet sitesinin kullan\u0131m\u0131 s\u0131ras\u0131nda veya sonras\u0131nda olu\u015fabilecek herhangi bir performans ar\u0131zas\u0131, hata, eksiklik, kesinti, kusur, i\u015fletme ve\/veya nakilde gecikme, bilgisayar vir\u00fcs\u00fc ve\/veya hat ve\/veya sistem ar\u0131zas\u0131 sonucu ortaya \u00e7\u0131kan do\u011frudan ya da dolayl\u0131 ortaya \u00e7\u0131kan zarar, ziyan ve masraflar d\u00e2hil ancak bunlarla s\u0131n\u0131rl\u0131 olmamak \u00fczere hi\u00e7bir zarar ve ziyandan, <strong>Akdamar Yap\u0131<\/strong> ve\/veya \u00e7al\u0131\u015fanlar\u0131, bu t\u00fcr bir zarar ve ziyan olas\u0131l\u0131\u011f\u0131ndan haberdar edilmi\u015f olsalar dahi, sorumlu olmazlar.<\/p>\n<p><strong>Akdamar Yap\u0131<\/strong>, bu \u0130nternet sitesinde yer alan b\u00fct\u00fcn \u00fcr\u00fcn ve hizmetleri, sayfalar\u0131, bilgileri, g\u00f6rsel unsurlar\u0131, i\u00e7eri\u011fi \u00f6nceden bildirimde bulunmadan de\u011fi\u015ftirme hakk\u0131n\u0131 sakl\u0131 tutar.<\/p>\n<p><strong>Akdamar Yap\u0131<\/strong> internet sitesi i\u00e7erisinde sizden \u015fahsi bilgi giri\u015fi talep edildi\u011fi takdirde, verece\u011finiz \u015fahsi bilgileriniz (isim, soyisim, adres, T.C. Kimlik numaras\u0131, do\u011fum tarihi, e-mail, telefon, faks, demografik bilgiler veya m\u00fc\u015fteri numaras\u0131 vb.) sadece bilgilendirme iletileri g\u00f6ndermek amac\u0131yla <strong>Akdamar Yap\u0131 <\/strong>taraf\u0131ndan kullan\u0131lacak ve hukuki zorunluluklar veya izniniz haricinde kesinlikle 3. \u015fah\u0131s ve kurumlarla payla\u015f\u0131lmayacakt\u0131r.<\/p>\n<p>Taraf\u0131n\u0131za <strong>Akdamar Yap\u0131<\/strong> taraf\u0131ndan g\u00f6nderilen do\u011frudan pazarlama iletilerini almak istemiyorsan\u0131z, bu talebinizi, size g\u00f6nderilen her bir iletinin alt\u0131nda yer alan \u201clisteden ayr\u0131lma\u201d uzant\u0131s\u0131 \u00fczerinden taraf\u0131m\u0131za g\u00f6nderebilir ya da ileti\u015fim bilgilerimizden bize ula\u015farak talepte bulunabilirsiniz.<\/p>\n<p><strong>Akdamar Yap\u0131<\/strong> web sitemizin hukuki \u015fartlar\u0131 ve gizlilik hakk\u0131nda daha fazla bilgi almak, sitemizle ilgili g\u00f6r\u00fc\u015f ve ele\u015ftirilerinizi bildirmek i\u00e7in bize e-posta yoluyla ula\u015fabilirsiniz.<\/p>\n\t\t<\/div>\n\t\t[\/vc_column][\/vc_row][vc_section full_width=&#8221;stretch_row&#8221; css=&#8221;.vc_custom_1673978755707{margin-bottom: -60px !important;padding-top: 80px !important;padding-bottom: 60px !important;background-image: url(https:\/\/www.akdamaryapi.com.tr\/wp-content\/uploads\/2023\/01\/handshake-02.jpg?id=8121) !important;background-position: center !important;background-repeat: no-repeat !important;background-size: cover !important;}&#8221; mobile_bg_img_hidden=&#8221;no&#8221; tablet_bg_img_hidden=&#8221;no&#8221; woodmart_parallax=&#8221;0&#8243; woodmart_gradient_switch=&#8221;no&#8221; woodmart_disable_overflow=&#8221;0&#8243; woodmart_box_shadow=&#8221;no&#8221; wd_z_index=&#8221;no&#8221; woodmart_css_id=&#8221;63c6e370bc7d3&#8243; responsive_spacing=&#8221;eyJwYXJhbV90eXBlIjoid29vZG1hcnRfcmVzcG9uc2l2ZV9zcGFjaW5nIiwic2VsZWN0b3JfaWQiOiI2M2M2ZTM3MGJjN2QzIiwic2hvcnRjb2RlIjoidmNfc2VjdGlvbiIsImRhdGEiOnsidGFibGV0Ijp7fSwibW9iaWxlIjp7fX19&#8243;][vc_row][vc_column woodmart_color_scheme=&#8221;light&#8221; css=&#8221;.vc_custom_1619792567671{padding-top: 0px !important;}&#8221; mobile_bg_img_hidden=&#8221;no&#8221; tablet_bg_img_hidden=&#8221;no&#8221; woodmart_parallax=&#8221;0&#8243; woodmart_sticky_column=&#8221;false&#8221; parallax_scroll=&#8221;no&#8221; mobile_reset_margin=&#8221;no&#8221; tablet_reset_margin=&#8221;no&#8221;]\n\t\t<div id=\"wd-63b2ec8ac2418\" class=\"title-wrapper wd-wpb set-mb-s reset-last-child  wd-rs-63b2ec8ac2418 wd-title-color-white wd-title-style-simple text-center vc_custom_1672670366741 wd-width-enabled wd-underline-colored\" style=\"--wd-max-width: 90%;\">\n\t\t\t\t\t\t\t<div class=\"title-subtitle  subtitle-color-white font-default subtitle-style-default wd-font-weight- wd-fontsize-xs\">Partnerlerimiz<\/div>\n\t\t\t\n\t\t\t<div class=\"liner-continer\">\n\t\t\t\t<h4 class=\"woodmart-title-container title  wd-font-weight- wd-fontsize-xxl\" >\u00c7\u00f6z\u00fcm Ortaklar\u0131m\u0131z<\/h4>\n\t\t\t\t\t\t\t<\/div>\n\t\t\t\n\t\t\t\n\t\t\t\n\t\t<\/div>\n\t\t\n\t\t[vc_empty_space height=&#8221;20px&#8221; woodmart_hide_large=&#8221;0&#8243; woodmart_hide_medium=&#8221;0&#8243; woodmart_hide_small=&#8221;0&#8243;]\t\t\t<link rel=\"stylesheet\" id=\"wd-owl-carousel-css\" href=\"https:\/\/www.akdamaryapi.com.tr\/wp-content\/themes\/woodmart\/css\/parts\/lib-owl-carousel.min.css?ver=7.0.4\" type=\"text\/css\" media=\"all\" \/> \t\t\t\t\t\t<link rel=\"stylesheet\" id=\"wd-image-gallery-css\" href=\"https:\/\/www.akdamaryapi.com.tr\/wp-content\/themes\/woodmart\/css\/parts\/el-gallery.min.css?ver=7.0.4\" type=\"text\/css\" media=\"all\" \/> \t\t\t\t\t<div id=\"gallery_441\" class=\"wd-images-gallery wd-rs-63c6c6d3b9093 wd-justify-center wd-items-middle view-carousel wd-carousel-spacing-0 wd-carousel-container\" data-owl-carousel data-wrap=\"yes\" data-autoplay=\"yes\" data-hide_pagination_control=\"yes\" data-hide_prev_next_buttons=\"no\" data-desktop=\"5\" data-tablet_landscape=\"4\" data-tablet=\"3\" data-mobile=\"2\">\n\t\t\t<div class=\"gallery-images owl-carousel owl-items-lg-5 owl-items-md-4 owl-items-sm-3 owl-items-xs-2\">\n\t\t\t\t\t\t\t\t\t\t\t\t\t\t\t<div class=\"wd-gallery-item\">\n\t\t\t\t\t\t\t\n\t\t\t\t\t\t\t\t\t\t\t\t\t\t\t\t\t<img loading=\"lazy\" decoding=\"async\" width=\"500\" height=\"250\" src=\"https:\/\/www.akdamaryapi.com.tr\/wp-content\/uploads\/2023\/01\/partner-light-tarkett.png\" class=\"wd-gallery-image image-1 attachment-full\" alt=\"\" title=\"Tarkett Zemin \u00c7\u00f6z\u00fcmleri\" srcset=\"https:\/\/www.akdamaryapi.com.tr\/wp-content\/uploads\/2023\/01\/partner-light-tarkett.png 500w, https:\/\/www.akdamaryapi.com.tr\/wp-content\/uploads\/2023\/01\/partner-light-tarkett-430x215.png 430w, https:\/\/www.akdamaryapi.com.tr\/wp-content\/uploads\/2023\/01\/partner-light-tarkett-150x75.png 150w, https:\/\/www.akdamaryapi.com.tr\/wp-content\/uploads\/2023\/01\/partner-light-tarkett-400x200.png 400w\" sizes=\"auto, (max-width: 500px) 100vw, 500px\" \/>\t\t\t\t\t\t\t\t\n\n\t\t\t\t\t\t\t\t\t\t\t\t\t\t<\/div>\n\t\t\t\t\t\t\t\t\t\t\t<div class=\"wd-gallery-item\">\n\t\t\t\t\t\t\t\n\t\t\t\t\t\t\t\t\t\t\t\t\t\t\t\t\t<img loading=\"lazy\" decoding=\"async\" width=\"500\" height=\"250\" src=\"https:\/\/www.akdamaryapi.com.tr\/wp-content\/uploads\/2023\/01\/partner-light-baumit.png\" class=\"wd-gallery-image image-2 attachment-full\" alt=\"\" title=\"Baumit Yap\u0131 Kimyasallar\u0131\" srcset=\"https:\/\/www.akdamaryapi.com.tr\/wp-content\/uploads\/2023\/01\/partner-light-baumit.png 500w, https:\/\/www.akdamaryapi.com.tr\/wp-content\/uploads\/2023\/01\/partner-light-baumit-430x215.png 430w, https:\/\/www.akdamaryapi.com.tr\/wp-content\/uploads\/2023\/01\/partner-light-baumit-150x75.png 150w, https:\/\/www.akdamaryapi.com.tr\/wp-content\/uploads\/2023\/01\/partner-light-baumit-400x200.png 400w\" sizes=\"auto, (max-width: 500px) 100vw, 500px\" \/>\t\t\t\t\t\t\t\t\n\n\t\t\t\t\t\t\t\t\t\t\t\t\t\t<\/div>\n\t\t\t\t\t\t\t\t\t\t\t<div class=\"wd-gallery-item\">\n\t\t\t\t\t\t\t\n\t\t\t\t\t\t\t\t\t\t\t\t\t\t\t\t\t<img loading=\"lazy\" decoding=\"async\" width=\"500\" height=\"250\" src=\"https:\/\/www.akdamaryapi.com.tr\/wp-content\/uploads\/2023\/01\/partner-light-linovil.png\" class=\"wd-gallery-image image-3 attachment-full\" alt=\"\" title=\"Linovil Yap\u0131 Kimyasallar\u0131\" srcset=\"https:\/\/www.akdamaryapi.com.tr\/wp-content\/uploads\/2023\/01\/partner-light-linovil.png 500w, https:\/\/www.akdamaryapi.com.tr\/wp-content\/uploads\/2023\/01\/partner-light-linovil-430x215.png 430w, https:\/\/www.akdamaryapi.com.tr\/wp-content\/uploads\/2023\/01\/partner-light-linovil-150x75.png 150w, https:\/\/www.akdamaryapi.com.tr\/wp-content\/uploads\/2023\/01\/partner-light-linovil-400x200.png 400w\" sizes=\"auto, (max-width: 500px) 100vw, 500px\" \/>\t\t\t\t\t\t\t\t\n\n\t\t\t\t\t\t\t\t\t\t\t\t\t\t<\/div>\n\t\t\t\t\t\t\t\t\t\t\t<div class=\"wd-gallery-item\">\n\t\t\t\t\t\t\t\n\t\t\t\t\t\t\t\t\t\t\t\t\t\t\t\t\t<img loading=\"lazy\" decoding=\"async\" width=\"500\" height=\"250\" src=\"https:\/\/www.akdamaryapi.com.tr\/wp-content\/uploads\/2023\/01\/partner-light-dendro.png\" class=\"wd-gallery-image image-4 attachment-full\" alt=\"\" title=\"Dendro Parke Sanayi\" srcset=\"https:\/\/www.akdamaryapi.com.tr\/wp-content\/uploads\/2023\/01\/partner-light-dendro.png 500w, https:\/\/www.akdamaryapi.com.tr\/wp-content\/uploads\/2023\/01\/partner-light-dendro-430x215.png 430w, https:\/\/www.akdamaryapi.com.tr\/wp-content\/uploads\/2023\/01\/partner-light-dendro-150x75.png 150w, https:\/\/www.akdamaryapi.com.tr\/wp-content\/uploads\/2023\/01\/partner-light-dendro-400x200.png 400w\" sizes=\"auto, (max-width: 500px) 100vw, 500px\" \/>\t\t\t\t\t\t\t\t\n\n\t\t\t\t\t\t\t\t\t\t\t\t\t\t<\/div>\n\t\t\t\t\t\t\t\t\t\t\t<div class=\"wd-gallery-item\">\n\t\t\t\t\t\t\t\n\t\t\t\t\t\t\t\t\t\t\t\t\t\t\t\t\t<img loading=\"lazy\" decoding=\"async\" width=\"500\" height=\"250\" src=\"https:\/\/www.akdamaryapi.com.tr\/wp-content\/uploads\/2023\/01\/partner-weber-light.png\" class=\"wd-gallery-image image-5 attachment-full\" alt=\"\" title=\"Saint-Gobain Weber\" srcset=\"https:\/\/www.akdamaryapi.com.tr\/wp-content\/uploads\/2023\/01\/partner-weber-light.png 500w, https:\/\/www.akdamaryapi.com.tr\/wp-content\/uploads\/2023\/01\/partner-weber-light-430x215.png 430w, https:\/\/www.akdamaryapi.com.tr\/wp-content\/uploads\/2023\/01\/partner-weber-light-150x75.png 150w, https:\/\/www.akdamaryapi.com.tr\/wp-content\/uploads\/2023\/01\/partner-weber-light-400x200.png 400w\" sizes=\"auto, (max-width: 500px) 100vw, 500px\" \/>\t\t\t\t\t\t\t\t\n\n\t\t\t\t\t\t\t\t\t\t\t\t\t\t<\/div>\n\t\t\t\t\t\t\t\t\t\t\t<div class=\"wd-gallery-item\">\n\t\t\t\t\t\t\t\n\t\t\t\t\t\t\t\t\t\t\t\t\t\t\t\t\t<img loading=\"lazy\" decoding=\"async\" width=\"500\" height=\"250\" src=\"https:\/\/www.akdamaryapi.com.tr\/wp-content\/uploads\/2023\/01\/partner-light-aspen.png\" class=\"wd-gallery-image image-6 attachment-full\" alt=\"\" title=\"Aspen Yap\u0131 ve Zemin\" srcset=\"https:\/\/www.akdamaryapi.com.tr\/wp-content\/uploads\/2023\/01\/partner-light-aspen.png 500w, https:\/\/www.akdamaryapi.com.tr\/wp-content\/uploads\/2023\/01\/partner-light-aspen-430x215.png 430w, https:\/\/www.akdamaryapi.com.tr\/wp-content\/uploads\/2023\/01\/partner-light-aspen-150x75.png 150w, https:\/\/www.akdamaryapi.com.tr\/wp-content\/uploads\/2023\/01\/partner-light-aspen-400x200.png 400w\" sizes=\"auto, (max-width: 500px) 100vw, 500px\" \/>\t\t\t\t\t\t\t\t\n\n\t\t\t\t\t\t\t\t\t\t\t\t\t\t<\/div>\n\t\t\t\t\t\t\t\t\t\t\t\t<\/div>\n\t\t<\/div>\n\t\t\t\t[\/vc_column][\/vc_row][\/vc_section]<\/p>\n<\/section>","protected":false},"excerpt":{"rendered":"<p>[vc_row css=&#8221;.vc_custom_1528700414903{margin-right: 0px !important;margin-bottom: 25px !important;margin-left: 0px !important;border-top-width: 1px !important;border-right-width: 1px !important;border-bottom-width: 1px !important;border-left-width: 1px !important;padding-top: 30px !important;padding-right: 15px !important;padding-bottom:<\/p>\n","protected":false},"author":1,"featured_media":0,"parent":0,"menu_order":0,"comment_status":"closed","ping_status":"closed","template":"","meta":{"footnotes":""},"class_list":["post-8572","page","type-page","status-publish","hentry"],"yoast_head":"<!-- This site is optimized with the Yoast SEO plugin v27.2 - https:\/\/yoast.com\/product\/yoast-seo-wordpress\/ -->\n<title>Confidentiality Agreement - Akdamar Yap\u0131<\/title>\n<meta name=\"robots\" content=\"index, follow, max-snippet:-1, max-image-preview:large, max-video-preview:-1\" \/>\n<link rel=\"canonical\" href=\"https:\/\/www.akdamaryapi.com.tr\/en\/confidentiality-agreement\/\" \/>\n<meta property=\"og:locale\" content=\"en_US\" \/>\n<meta property=\"og:type\" content=\"article\" \/>\n<meta property=\"og:title\" content=\"Confidentiality Agreement - Akdamar Yap\u0131\" \/>\n<meta property=\"og:description\" content=\"[vc_row css=&#8221;.vc_custom_1528700414903{margin-right: 0px !important;margin-bottom: 25px !important;margin-left: 0px !important;border-top-width: 1px !important;border-right-width: 1px !important;border-bottom-width: 1px !important;border-left-width: 1px !important;padding-top: 30px !important;padding-right: 15px !important;padding-bottom:\" \/>\n<meta property=\"og:url\" content=\"https:\/\/www.akdamaryapi.com.tr\/en\/confidentiality-agreement\/\" \/>\n<meta property=\"og:site_name\" content=\"Akdamar Yap\u0131\" \/>\n<meta property=\"article:modified_time\" content=\"2023-01-28T11:35:45+00:00\" \/>\n<meta name=\"twitter:card\" content=\"summary_large_image\" \/>\n<meta name=\"twitter:label1\" content=\"Est. reading time\" \/>\n\t<meta name=\"twitter:data1\" content=\"4 minutes\" \/>\n<script type=\"application\/ld+json\" class=\"yoast-schema-graph\">{\"@context\":\"https:\/\/schema.org\",\"@graph\":[{\"@type\":\"WebPage\",\"@id\":\"https:\/\/www.akdamaryapi.com.tr\/en\/confidentiality-agreement\/\",\"url\":\"https:\/\/www.akdamaryapi.com.tr\/en\/confidentiality-agreement\/\",\"name\":\"Confidentiality Agreement - Akdamar Yap\u0131\",\"isPartOf\":{\"@id\":\"https:\/\/www.akdamaryapi.com.tr\/#website\"},\"datePublished\":\"2021-09-28T11:16:55+00:00\",\"dateModified\":\"2023-01-28T11:35:45+00:00\",\"breadcrumb\":{\"@id\":\"https:\/\/www.akdamaryapi.com.tr\/en\/confidentiality-agreement\/#breadcrumb\"},\"inLanguage\":\"en-US\",\"potentialAction\":[{\"@type\":\"ReadAction\",\"target\":[\"https:\/\/www.akdamaryapi.com.tr\/en\/confidentiality-agreement\/\"]}]},{\"@type\":\"BreadcrumbList\",\"@id\":\"https:\/\/www.akdamaryapi.com.tr\/en\/confidentiality-agreement\/#breadcrumb\",\"itemListElement\":[{\"@type\":\"ListItem\",\"position\":1,\"name\":\"Anasayfa\",\"item\":\"https:\/\/www.akdamaryapi.com.tr\/en\/\"},{\"@type\":\"ListItem\",\"position\":2,\"name\":\"Confidentiality Agreement\"}]},{\"@type\":\"WebSite\",\"@id\":\"https:\/\/www.akdamaryapi.com.tr\/#website\",\"url\":\"https:\/\/www.akdamaryapi.com.tr\/\",\"name\":\"Akdamar Yap\u0131\",\"description\":\"M\u00fckemmel Zeminler\",\"potentialAction\":[{\"@type\":\"SearchAction\",\"target\":{\"@type\":\"EntryPoint\",\"urlTemplate\":\"https:\/\/www.akdamaryapi.com.tr\/?s={search_term_string}\"},\"query-input\":{\"@type\":\"PropertyValueSpecification\",\"valueRequired\":true,\"valueName\":\"search_term_string\"}}],\"inLanguage\":\"en-US\"}]}<\/script>\n<!-- \/ Yoast SEO plugin. -->","yoast_head_json":{"title":"Confidentiality Agreement - Akdamar Yap\u0131","robots":{"index":"index","follow":"follow","max-snippet":"max-snippet:-1","max-image-preview":"max-image-preview:large","max-video-preview":"max-video-preview:-1"},"canonical":"https:\/\/www.akdamaryapi.com.tr\/en\/confidentiality-agreement\/","og_locale":"en_US","og_type":"article","og_title":"Confidentiality Agreement - Akdamar Yap\u0131","og_description":"[vc_row css=&#8221;.vc_custom_1528700414903{margin-right: 0px !important;margin-bottom: 25px !important;margin-left: 0px !important;border-top-width: 1px !important;border-right-width: 1px !important;border-bottom-width: 1px !important;border-left-width: 1px !important;padding-top: 30px !important;padding-right: 15px !important;padding-bottom:","og_url":"https:\/\/www.akdamaryapi.com.tr\/en\/confidentiality-agreement\/","og_site_name":"Akdamar Yap\u0131","article_modified_time":"2023-01-28T11:35:45+00:00","twitter_card":"summary_large_image","twitter_misc":{"Est. reading time":"4 minutes"},"schema":{"@context":"https:\/\/schema.org","@graph":[{"@type":"WebPage","@id":"https:\/\/www.akdamaryapi.com.tr\/en\/confidentiality-agreement\/","url":"https:\/\/www.akdamaryapi.com.tr\/en\/confidentiality-agreement\/","name":"Confidentiality Agreement - Akdamar Yap\u0131","isPartOf":{"@id":"https:\/\/www.akdamaryapi.com.tr\/#website"},"datePublished":"2021-09-28T11:16:55+00:00","dateModified":"2023-01-28T11:35:45+00:00","breadcrumb":{"@id":"https:\/\/www.akdamaryapi.com.tr\/en\/confidentiality-agreement\/#breadcrumb"},"inLanguage":"en-US","potentialAction":[{"@type":"ReadAction","target":["https:\/\/www.akdamaryapi.com.tr\/en\/confidentiality-agreement\/"]}]},{"@type":"BreadcrumbList","@id":"https:\/\/www.akdamaryapi.com.tr\/en\/confidentiality-agreement\/#breadcrumb","itemListElement":[{"@type":"ListItem","position":1,"name":"Anasayfa","item":"https:\/\/www.akdamaryapi.com.tr\/en\/"},{"@type":"ListItem","position":2,"name":"Confidentiality Agreement"}]},{"@type":"WebSite","@id":"https:\/\/www.akdamaryapi.com.tr\/#website","url":"https:\/\/www.akdamaryapi.com.tr\/","name":"Akdamar Yap\u0131","description":"M\u00fckemmel Zeminler","potentialAction":[{"@type":"SearchAction","target":{"@type":"EntryPoint","urlTemplate":"https:\/\/www.akdamaryapi.com.tr\/?s={search_term_string}"},"query-input":{"@type":"PropertyValueSpecification","valueRequired":true,"valueName":"search_term_string"}}],"inLanguage":"en-US"}]}},"_links":{"self":[{"href":"https:\/\/www.akdamaryapi.com.tr\/en\/wp-json\/wp\/v2\/pages\/8572","targetHints":{"allow":["GET"]}}],"collection":[{"href":"https:\/\/www.akdamaryapi.com.tr\/en\/wp-json\/wp\/v2\/pages"}],"about":[{"href":"https:\/\/www.akdamaryapi.com.tr\/en\/wp-json\/wp\/v2\/types\/page"}],"author":[{"embeddable":true,"href":"https:\/\/www.akdamaryapi.com.tr\/en\/wp-json\/wp\/v2\/users\/1"}],"replies":[{"embeddable":true,"href":"https:\/\/www.akdamaryapi.com.tr\/en\/wp-json\/wp\/v2\/comments?post=8572"}],"version-history":[{"count":2,"href":"https:\/\/www.akdamaryapi.com.tr\/en\/wp-json\/wp\/v2\/pages\/8572\/revisions"}],"predecessor-version":[{"id":8575,"href":"https:\/\/www.akdamaryapi.com.tr\/en\/wp-json\/wp\/v2\/pages\/8572\/revisions\/8575"}],"wp:attachment":[{"href":"https:\/\/www.akdamaryapi.com.tr\/en\/wp-json\/wp\/v2\/media?parent=8572"}],"curies":[{"name":"wp","href":"https:\/\/api.w.org\/{rel}","templated":true}]}}